{"id":83,"date":"2023-01-03T11:18:33","date_gmt":"2023-01-03T10:18:33","guid":{"rendered":"https:\/\/anhaenger2go.de\/?page_id=83"},"modified":"2023-01-03T12:08:45","modified_gmt":"2023-01-03T11:08:45","slug":"kuhlanhanger","status":"publish","type":"page","link":"https:\/\/anhaenger2go.de\/index.php\/kuhlanhanger\/","title":{"rendered":"K\u00fchlanh\u00e4nger"},"content":{"rendered":"\n<p>Sie haben in den kommenden warmen Sommertagen eine gro\u00dfe Feier oder Organisieren das Catering?<\/p>\n\n\n\n<p>F\u00fcr die kalten Getr\u00e4nke k\u00fcmmert sich unser K\u00fchlanh\u00e4nger!<\/p>\n\n\n\n<figure class=\"wp-block-gallery has-nested-images columns-3 wp-block-gallery-1 is-layout-flex wp-block-gallery-is-layout-flex\">\n<figure class=\"wp-block-image size-large\"><a href=\"https:\/\/anhaenger2go.de\/wp-content\/uploads\/2023\/01\/IMG_20220822_160314_385.jpg\" target=\"_blank\" rel=\"noopener\"><img loading=\"lazy\" decoding=\"async\" width=\"461\" height=\"1024\" data-id=\"93\" src=\"https:\/\/anhaenger2go.de\/wp-content\/uploads\/2023\/01\/IMG_20220822_160314_385-461x1024.jpg\" alt=\"\" class=\"wp-image-93\" srcset=\"https:\/\/anhaenger2go.de\/wp-content\/uploads\/2023\/01\/IMG_20220822_160314_385-461x1024.jpg 461w, https:\/\/anhaenger2go.de\/wp-content\/uploads\/2023\/01\/IMG_20220822_160314_385-135x300.jpg 135w, https:\/\/anhaenger2go.de\/wp-content\/uploads\/2023\/01\/IMG_20220822_160314_385-691x1536.jpg 691w, https:\/\/anhaenger2go.de\/wp-content\/uploads\/2023\/01\/IMG_20220822_160314_385.jpg 720w\" sizes=\"auto, (max-width: 461px) 100vw, 461px\" \/><\/a><\/figure>\n\n\n\n<figure class=\"wp-block-image size-large\"><a href=\"https:\/\/anhaenger2go.de\/wp-content\/uploads\/2023\/01\/IMG_20221019_180746_6853.jpg\" target=\"_blank\" rel=\"noopener\"><img loading=\"lazy\" decoding=\"async\" width=\"884\" height=\"654\" data-id=\"92\" src=\"https:\/\/anhaenger2go.de\/wp-content\/uploads\/2023\/01\/IMG_20221019_180746_6853.jpg\" alt=\"\" class=\"wp-image-92\" srcset=\"https:\/\/anhaenger2go.de\/wp-content\/uploads\/2023\/01\/IMG_20221019_180746_6853.jpg 884w, https:\/\/anhaenger2go.de\/wp-content\/uploads\/2023\/01\/IMG_20221019_180746_6853-300x222.jpg 300w, https:\/\/anhaenger2go.de\/wp-content\/uploads\/2023\/01\/IMG_20221019_180746_6853-768x568.jpg 768w\" sizes=\"auto, (max-width: 884px) 100vw, 884px\" \/><\/a><\/figure>\n\n\n\n<figure class=\"wp-block-image size-large\"><a href=\"https:\/\/anhaenger2go.de\/wp-content\/uploads\/2023\/01\/IMG_20230102_145548_995.jpg\" target=\"_blank\" rel=\"noopener\"><img loading=\"lazy\" decoding=\"async\" width=\"461\" height=\"1024\" data-id=\"94\" src=\"https:\/\/anhaenger2go.de\/wp-content\/uploads\/2023\/01\/IMG_20230102_145548_995-461x1024.jpg\" alt=\"\" class=\"wp-image-94\" srcset=\"https:\/\/anhaenger2go.de\/wp-content\/uploads\/2023\/01\/IMG_20230102_145548_995-461x1024.jpg 461w, https:\/\/anhaenger2go.de\/wp-content\/uploads\/2023\/01\/IMG_20230102_145548_995-135x300.jpg 135w, https:\/\/anhaenger2go.de\/wp-content\/uploads\/2023\/01\/IMG_20230102_145548_995-691x1536.jpg 691w, https:\/\/anhaenger2go.de\/wp-content\/uploads\/2023\/01\/IMG_20230102_145548_995.jpg 720w\" sizes=\"auto, (max-width: 461px) 100vw, 461px\" \/><\/a><\/figure>\n<\/figure>\n\n\n\n<h2 class=\"wp-block-heading\">Beschreibung:<\/h2>\n\n\n\n<p id=\"viewad-description-text\">Zur Vermietung steht ein Humbaur Cool Trailer <\/p>\n\n\n\n<ul class=\"wp-block-list\"><li>Einachser K\u00fchlanh\u00e4nger<\/li><li>K\u00fchlung bis 6\u00b0C<\/li><li>Gesamtgewicht 1,5to<\/li><li>Nutzlast 965kg<\/li><li>Laderaum 2515 x 1330 x 1685mm gro\u00df<\/li><li>K\u00fchlaggregat Govi 1600N<\/li><li>Den Stecker vom K\u00fchlaggregat schlie\u00dfen Sie ganz einfach in eine haus\u00fcbliche Steckdose (230V). Es wird also kein Starkstrom ben\u00f6tigt!<\/li><\/ul>\n\n\n\n<p id=\"viewad-description-text\"><br><br>\u2705 <a href=\"https:\/\/anhaenger2go.de\/index.php\/preise\/\" data-type=\"URL\">Preise finden Sie in unserer Preisliste<\/a><br><br>\u2705  Der Mieter haftet zu 100% f\u00fcr Besch\u00e4digungen, die durch sein Handeln oder das Handeln Dritter w\u00e4hrend der Anmietdauer (Vandalismus, Diebstahl, etc.) entstanden sind. F\u00fcr Haftpflichtsch\u00e4den behalten wir uns eine Regressforderung i.H.v. 1000 Euro vor.<br><br>\u2705 Auf Wunsch liefern wir alle unsere Mietger\u00e4te auch bequem f\u00fcr Sie an (Preis auf Anfrage)<br><br>\u2705 Sie erhalten den Anh\u00e4nger in einem technisch einwandfreien Zustand und gereinigt. Bei R\u00fcckgabe erwarten wir das Selbe. Andernfalls stellen wir Ihnen die Kosten inkl. Aufwand in Rechnung<br><br>\u2705 Sie erhalten eine ordentliche Rechnung mit ausgewiesener Mehrwertsteuer<br><br>\u203c\ufe0f Erforderlich f\u00fcr den Mietvertrag ist die Vorlage eines g\u00fcltigen Personalausweises und bei selbstst\u00e4ndigem Transport der entsprechende F\u00fchrerschein<br><\/p>\n\n\n\n<p>Kontaktieren Sie uns gerne:<\/p>\n\n\n\n<ul class=\"wp-block-list\"><li><a href=\"mailto:ploetz-reifendienst@t-online.de?subject=Anfrage%20Fahrradanh%C3%A4nger\">per Mail (ploetz-reifendienst@t-online.de)<\/a> <\/li><li><a href=\"tel:017640247388\">Telefon\/WhatsApp: 0176\/40247388<\/a><\/li><\/ul>\n\n\n\n<h2 class=\"wp-block-heading\">Beschreibung K\u00e4lteaggregat:<\/h2>\n\n\n\n<ul class=\"wp-block-list\"><li>K\u00e4lteleistung 1600 Watt bei einer K\u00fchlraumtemperatur von +6\u00b0 C und einer Umgebungstemperatur von 30\u00b0 C<\/li><li>Temperaturregelbereich von +2\u00b0 C bis +10\u00b0 C<\/li><li>Netzanschluss 230 Volt 50Hz<\/li><li>Luftvolumenstrom Verdampfer 750 m\u00b3\/Stunde<\/li><li>Vollst\u00e4ndig gekapseltes Aggregat mit &#8222;Outdoor&#8220;-Geh\u00e4use an der Stirnseite oben montiert<\/li><li>Umweltfreundliches FCKW-freies K\u00e4ltemittel<\/li><li>Elektronische Abtauautomatik des Verdampfers<\/li><li>Das Bediendisplay ist abschlie\u00dfbar und somit gesch\u00fctzt vor widerrechtlicher Bedienung<\/li><li>Elektronischen Digitalthermostat f\u00fcr optimale Regelung des Temperaturbereichs<\/li><li>220 Volt Innenbeleuchtung<\/li><li>Hochwertige Verarbeitung &#8211; Qualit\u00e4t made in Germany<\/li><\/ul>\n","protected":false},"excerpt":{"rendered":"<p>Sie haben in den kommenden warmen Sommertagen eine gro\u00dfe Feier oder Organisieren das Catering? F\u00fcr die kalten Getr\u00e4nke k\u00fcmmert sich unser K\u00fchlanh\u00e4nger! Beschreibung: Zur Vermietung steht ein Humbaur Cool Trailer Einachser K\u00fchlanh\u00e4nger K\u00fchlung bis 6\u00b0C Gesamtgewicht 1,5to Nutzlast 965kg Laderaum 2515 x 1330 x 1685mm gro\u00df K\u00fchlaggregat Govi 1600N Den Stecker vom K\u00fchlaggregat schlie\u00dfen Sie [&hellip;]<\/p>\n","protected":false},"author":1,"featured_media":0,"parent":0,"menu_order":2,"comment_status":"closed","ping_status":"closed","template":"","meta":{"footnotes":""},"class_list":["post-83","page","type-page","status-publish","hentry"],"_links":{"self":[{"href":"https:\/\/anhaenger2go.de\/index.php\/wp-json\/wp\/v2\/pages\/83","targetHints":{"allow":["GET"]}}],"collection":[{"href":"https:\/\/anhaenger2go.de\/index.php\/wp-json\/wp\/v2\/pages"}],"about":[{"href":"https:\/\/anhaenger2go.de\/index.php\/wp-json\/wp\/v2\/types\/page"}],"author":[{"embeddable":true,"href":"https:\/\/anhaenger2go.de\/index.php\/wp-json\/wp\/v2\/users\/1"}],"replies":[{"embeddable":true,"href":"https:\/\/anhaenger2go.de\/index.php\/wp-json\/wp\/v2\/comments?post=83"}],"version-history":[{"count":5,"href":"https:\/\/anhaenger2go.de\/index.php\/wp-json\/wp\/v2\/pages\/83\/revisions"}],"predecessor-version":[{"id":97,"href":"https:\/\/anhaenger2go.de\/index.php\/wp-json\/wp\/v2\/pages\/83\/revisions\/97"}],"wp:attachment":[{"href":"https:\/\/anhaenger2go.de\/index.php\/wp-json\/wp\/v2\/media?parent=83"}],"curies":[{"name":"wp","href":"https:\/\/api.w.org\/{rel}","templated":true}]}}