{"id":41,"date":"2022-07-25T20:36:19","date_gmt":"2022-07-25T18:36:19","guid":{"rendered":"https:\/\/www.ament-it.de\/~stefan.ploetz\/wordpress\/?page_id=41"},"modified":"2023-01-03T12:09:51","modified_gmt":"2023-01-03T11:09:51","slug":"kontakt-anfahrt","status":"publish","type":"page","link":"https:\/\/anhaenger2go.de\/index.php\/kontakt-anfahrt\/","title":{"rendered":"Kontakt\/Anfahrt"},"content":{"rendered":"\n<figure class=\"wp-block-table is-style-regular\"><table style=\"border-style:none;border-width:0px\"><tbody><tr><td>Pl\u00f6tz-Reifendienst<br>Stefan Pl\u00f6tz<br>Am Schleifweg 3<br>97511 L\u00fclsfeld<br>0176\/40247388<br>ploetz-reifendienst(bei)t-online.de<\/td><td class=\"has-text-align-center\" data-align=\"center\"><a href=\"https:\/\/goo.gl\/maps\/mpnLUkMkdTpCVgF38\" target=\"_blank\" rel=\"noreferrer noopener\"><img loading=\"lazy\" decoding=\"async\" width=\"200\" height=\"120\" class=\"wp-image-42\" style=\"width: 200px;\" src=\"https:\/\/www.ament-it.de\/~stefan.ploetz\/wordpress\/wp-content\/uploads\/2022\/07\/maps.png\" alt=\"\" srcset=\"https:\/\/anhaenger2go.de\/wp-content\/uploads\/2022\/07\/maps.png 482w, https:\/\/anhaenger2go.de\/wp-content\/uploads\/2022\/07\/maps-300x180.png 300w\" sizes=\"auto, (max-width: 200px) 100vw, 200px\" \/><\/a><\/td><\/tr><\/tbody><\/table><\/figure>\n","protected":false},"excerpt":{"rendered":"<p>Pl\u00f6tz-ReifendienstStefan Pl\u00f6tzAm Schleifweg 397511 L\u00fclsfeld0176\/40247388ploetz-reifendienst(bei)t-online.de<\/p>\n","protected":false},"author":1,"featured_media":0,"parent":0,"menu_order":6,"comment_status":"closed","ping_status":"closed","template":"","meta":{"footnotes":""},"class_list":["post-41","page","type-page","status-publish","hentry"],"_links":{"self":[{"href":"https:\/\/anhaenger2go.de\/index.php\/wp-json\/wp\/v2\/pages\/41","targetHints":{"allow":["GET"]}}],"collection":[{"href":"https:\/\/anhaenger2go.de\/index.php\/wp-json\/wp\/v2\/pages"}],"about":[{"href":"https:\/\/anhaenger2go.de\/index.php\/wp-json\/wp\/v2\/types\/page"}],"author":[{"embeddable":true,"href":"https:\/\/anhaenger2go.de\/index.php\/wp-json\/wp\/v2\/users\/1"}],"replies":[{"embeddable":true,"href":"https:\/\/anhaenger2go.de\/index.php\/wp-json\/wp\/v2\/comments?post=41"}],"version-history":[{"count":6,"href":"https:\/\/anhaenger2go.de\/index.php\/wp-json\/wp\/v2\/pages\/41\/revisions"}],"predecessor-version":[{"id":49,"href":"https:\/\/anhaenger2go.de\/index.php\/wp-json\/wp\/v2\/pages\/41\/revisions\/49"}],"wp:attachment":[{"href":"https:\/\/anhaenger2go.de\/index.php\/wp-json\/wp\/v2\/media?parent=41"}],"curies":[{"name":"wp","href":"https:\/\/api.w.org\/{rel}","templated":true}]}}