{"id":11,"date":"2022-07-25T19:35:07","date_gmt":"2022-07-25T17:35:07","guid":{"rendered":"https:\/\/www.ament-it.de\/~stefan.ploetz\/wordpress\/?page_id=11"},"modified":"2023-01-03T12:09:00","modified_gmt":"2023-01-03T11:09:00","slug":"fahrradanhanger","status":"publish","type":"page","link":"https:\/\/anhaenger2go.de\/index.php\/fahrradanhanger\/","title":{"rendered":"Fahrradanh\u00e4nger"},"content":{"rendered":"\n<p>Mit unserem Fahrradanh\u00e4nger k\u00f6nnen sie 2,3,4,5,6,7,8,9 oder 10 Fahrr\u00e4der transportieren. Sie k\u00f6nnen je nach Rahmenart auch bis zu E-Bikes transportieren.<\/p>\n\n\n\n<figure class=\"wp-block-gallery has-nested-images columns-default is-cropped wp-block-gallery-1 is-layout-flex wp-block-gallery-is-layout-flex\">\n<figure class=\"wp-block-image size-large\"><a href=\"https:\/\/www.ament-it.de\/~stefan.ploetz\/wordpress\/wp-content\/uploads\/2022\/07\/05.jpeg\" target=\"_blank\" rel=\"noopener\"><img loading=\"lazy\" decoding=\"async\" width=\"1024\" height=\"461\" data-id=\"13\" src=\"https:\/\/www.ament-it.de\/~stefan.ploetz\/wordpress\/wp-content\/uploads\/2022\/07\/05-1024x461.jpeg\" alt=\"\" class=\"wp-image-13\" srcset=\"https:\/\/anhaenger2go.de\/wp-content\/uploads\/2022\/07\/05-1024x461.jpeg 1024w, https:\/\/anhaenger2go.de\/wp-content\/uploads\/2022\/07\/05-300x135.jpeg 300w, https:\/\/anhaenger2go.de\/wp-content\/uploads\/2022\/07\/05-768x346.jpeg 768w, https:\/\/anhaenger2go.de\/wp-content\/uploads\/2022\/07\/05-1536x691.jpeg 1536w, https:\/\/anhaenger2go.de\/wp-content\/uploads\/2022\/07\/05.jpeg 1600w\" sizes=\"auto, (max-width: 1024px) 100vw, 1024px\" \/><\/a><\/figure>\n\n\n\n<figure class=\"wp-block-image size-large\"><a href=\"https:\/\/www.ament-it.de\/~stefan.ploetz\/wordpress\/wp-content\/uploads\/2022\/07\/04.jpeg\" target=\"_blank\" rel=\"noopener\"><img loading=\"lazy\" decoding=\"async\" width=\"1024\" height=\"461\" data-id=\"15\" src=\"https:\/\/www.ament-it.de\/~stefan.ploetz\/wordpress\/wp-content\/uploads\/2022\/07\/04-1024x461.jpeg\" alt=\"\" class=\"wp-image-15\" srcset=\"https:\/\/anhaenger2go.de\/wp-content\/uploads\/2022\/07\/04-1024x461.jpeg 1024w, https:\/\/anhaenger2go.de\/wp-content\/uploads\/2022\/07\/04-300x135.jpeg 300w, https:\/\/anhaenger2go.de\/wp-content\/uploads\/2022\/07\/04-768x346.jpeg 768w, https:\/\/anhaenger2go.de\/wp-content\/uploads\/2022\/07\/04-1536x691.jpeg 1536w, https:\/\/anhaenger2go.de\/wp-content\/uploads\/2022\/07\/04.jpeg 1600w\" sizes=\"auto, (max-width: 1024px) 100vw, 1024px\" \/><\/a><\/figure>\n\n\n\n<figure class=\"wp-block-image size-large\"><a href=\"https:\/\/www.ament-it.de\/~stefan.ploetz\/wordpress\/wp-content\/uploads\/2022\/07\/03.jpeg\" target=\"_blank\" rel=\"noopener\"><img loading=\"lazy\" decoding=\"async\" width=\"1024\" height=\"461\" data-id=\"14\" src=\"https:\/\/www.ament-it.de\/~stefan.ploetz\/wordpress\/wp-content\/uploads\/2022\/07\/03-1024x461.jpeg\" alt=\"\" class=\"wp-image-14\" srcset=\"https:\/\/anhaenger2go.de\/wp-content\/uploads\/2022\/07\/03-1024x461.jpeg 1024w, https:\/\/anhaenger2go.de\/wp-content\/uploads\/2022\/07\/03-300x135.jpeg 300w, https:\/\/anhaenger2go.de\/wp-content\/uploads\/2022\/07\/03-768x346.jpeg 768w, https:\/\/anhaenger2go.de\/wp-content\/uploads\/2022\/07\/03-1536x691.jpeg 1536w, https:\/\/anhaenger2go.de\/wp-content\/uploads\/2022\/07\/03.jpeg 1600w\" sizes=\"auto, (max-width: 1024px) 100vw, 1024px\" \/><\/a><\/figure>\n\n\n\n<figure class=\"wp-block-image size-large\"><a href=\"https:\/\/www.ament-it.de\/~stefan.ploetz\/wordpress\/wp-content\/uploads\/2022\/07\/02.jpeg\" target=\"_blank\" rel=\"noopener\"><img loading=\"lazy\" decoding=\"async\" width=\"1024\" height=\"461\" data-id=\"17\" src=\"https:\/\/www.ament-it.de\/~stefan.ploetz\/wordpress\/wp-content\/uploads\/2022\/07\/02-1024x461.jpeg\" alt=\"\" class=\"wp-image-17\" srcset=\"https:\/\/anhaenger2go.de\/wp-content\/uploads\/2022\/07\/02-1024x461.jpeg 1024w, https:\/\/anhaenger2go.de\/wp-content\/uploads\/2022\/07\/02-300x135.jpeg 300w, https:\/\/anhaenger2go.de\/wp-content\/uploads\/2022\/07\/02-768x346.jpeg 768w, https:\/\/anhaenger2go.de\/wp-content\/uploads\/2022\/07\/02-1536x691.jpeg 1536w, https:\/\/anhaenger2go.de\/wp-content\/uploads\/2022\/07\/02.jpeg 1600w\" sizes=\"auto, (max-width: 1024px) 100vw, 1024px\" \/><\/a><\/figure>\n\n\n\n<figure class=\"wp-block-image size-large\"><a href=\"https:\/\/www.ament-it.de\/~stefan.ploetz\/wordpress\/wp-content\/uploads\/2022\/07\/01.jpeg\" target=\"_blank\" rel=\"noopener\"><img loading=\"lazy\" decoding=\"async\" width=\"1024\" height=\"461\" data-id=\"16\" src=\"https:\/\/www.ament-it.de\/~stefan.ploetz\/wordpress\/wp-content\/uploads\/2022\/07\/01-1024x461.jpeg\" alt=\"\" class=\"wp-image-16\" srcset=\"https:\/\/anhaenger2go.de\/wp-content\/uploads\/2022\/07\/01-1024x461.jpeg 1024w, https:\/\/anhaenger2go.de\/wp-content\/uploads\/2022\/07\/01-300x135.jpeg 300w, https:\/\/anhaenger2go.de\/wp-content\/uploads\/2022\/07\/01-768x346.jpeg 768w, https:\/\/anhaenger2go.de\/wp-content\/uploads\/2022\/07\/01-1536x691.jpeg 1536w, https:\/\/anhaenger2go.de\/wp-content\/uploads\/2022\/07\/01.jpeg 1600w\" sizes=\"auto, (max-width: 1024px) 100vw, 1024px\" \/><\/a><\/figure>\n<\/figure>\n\n\n\n<h2 class=\"wp-block-heading\">Beschreibung<\/h2>\n\n\n\n<p id=\"viewad-description-text\">Zur Vermietung steht ein Fahrradanh\u00e4nger der Marke Master &#8211; Tech. Auf diesem Anh\u00e4nger k\u00f6nnen 10 Fahrr\u00e4der sicher befestigt und transportiert werden. Die Befestigung erfolgt flexibel am Rahmen.<br><br>Nutzlast: 750kg<br>Leergewicht: 250kg<br>Bj: 2022<br><br>\u2705 <a href=\"https:\/\/anhaenger2go.de\/index.php\/preise\/\" data-type=\"URL\">Preise finden Sie in unserer Preisliste<\/a><br><br>\u2705  Im Schadensfall 500 \u20ac SB. Bei Diebstahl oder Abhandenkommen des Anh\u00e4ngers haftet der Mieter w\u00e4hrend der Mietzeit im vollen Umfang.<br><br>\u2705 Auf Wunsch liefern wir alle unsere Mietger\u00e4te auch bequem f\u00fcr Sie an (Preis auf Anfrage)<br><br>\u2705 Sie erhalten den Anh\u00e4nger in einem technisch einwandfreien Zustand und gereinigt. Bei R\u00fcckgabe erwarten wir das Selbe. Andernfalls stellen wir Ihnen die Kosten inkl. Aufwand in Rechnung<br><br>\u2705 Sie erhalten eine ordentliche Rechnung mit ausgewiesener Mehrwertsteuer<br><br>\u203c\ufe0f Erforderlich f\u00fcr den Mietvertrag ist die Vorlage eines g\u00fcltigen Personalausweises und bei selbstst\u00e4ndigem Transport der entsprechende F\u00fchrerschein<br><\/p>\n\n\n\n<p>Kontaktieren Sie uns gerne:<\/p>\n\n\n\n<ul class=\"wp-block-list\"><li><a href=\"mailto:ploetz-reifendienst@t-online.de?subject=Anfrage%20Fahrradanh%C3%A4nger\">per Mail (ploetz-reifendienst@t-online.de)<\/a> <\/li><li><a href=\"tel:017640247388\">Telefon\/WhatsApp: 0176\/40247388<\/a><\/li><\/ul>\n","protected":false},"excerpt":{"rendered":"<p>Mit unserem Fahrradanh\u00e4nger k\u00f6nnen sie 2,3,4,5,6,7,8,9 oder 10 Fahrr\u00e4der transportieren. Sie k\u00f6nnen je nach Rahmenart auch bis zu E-Bikes transportieren. Beschreibung Zur Vermietung steht ein Fahrradanh\u00e4nger der Marke Master &#8211; Tech. Auf diesem Anh\u00e4nger k\u00f6nnen 10 Fahrr\u00e4der sicher befestigt und transportiert werden. Die Befestigung erfolgt flexibel am Rahmen. Nutzlast: 750kgLeergewicht: 250kgBj: 2022 \u2705 Preise finden [&hellip;]<\/p>\n","protected":false},"author":1,"featured_media":0,"parent":0,"menu_order":3,"comment_status":"closed","ping_status":"closed","template":"","meta":{"footnotes":""},"class_list":["post-11","page","type-page","status-publish","hentry"],"_links":{"self":[{"href":"https:\/\/anhaenger2go.de\/index.php\/wp-json\/wp\/v2\/pages\/11","targetHints":{"allow":["GET"]}}],"collection":[{"href":"https:\/\/anhaenger2go.de\/index.php\/wp-json\/wp\/v2\/pages"}],"about":[{"href":"https:\/\/anhaenger2go.de\/index.php\/wp-json\/wp\/v2\/types\/page"}],"author":[{"embeddable":true,"href":"https:\/\/anhaenger2go.de\/index.php\/wp-json\/wp\/v2\/users\/1"}],"replies":[{"embeddable":true,"href":"https:\/\/anhaenger2go.de\/index.php\/wp-json\/wp\/v2\/comments?post=11"}],"version-history":[{"count":10,"href":"https:\/\/anhaenger2go.de\/index.php\/wp-json\/wp\/v2\/pages\/11\/revisions"}],"predecessor-version":[{"id":78,"href":"https:\/\/anhaenger2go.de\/index.php\/wp-json\/wp\/v2\/pages\/11\/revisions\/78"}],"wp:attachment":[{"href":"https:\/\/anhaenger2go.de\/index.php\/wp-json\/wp\/v2\/media?parent=11"}],"curies":[{"name":"wp","href":"https:\/\/api.w.org\/{rel}","templated":true}]}}